{"id":6819,"date":"2026-03-06T10:43:31","date_gmt":"2026-03-06T09:43:31","guid":{"rendered":"https:\/\/www.asm-omnisports.com\/rugby\/?page_id=6819"},"modified":"2026-03-06T10:58:52","modified_gmt":"2026-03-06T09:58:52","slug":"stages-asm-rugby-summer-camp","status":"publish","type":"page","link":"https:\/\/www.asm-omnisports.com\/rugby\/stages-asm-rugby-summer-camp\/","title":{"rendered":"Stages ASM Rugby Summer Camp"},"content":{"rendered":"<h4>Les stages officiels de l&rsquo;ASM Rugby sont de retour, parrain\u00e9s par Aur\u00e9lien Rougerie ! Au programme, une immersion totale dans l&rsquo;ADN du club le temps d&rsquo;une semaine.<\/h4>\n<p>Les stages \u00ab\u00a0ASM Summer Camp\u00a0\u00bb se lancent d\u00e8s cet \u00e9t\u00e9 2026, pour plonger au c\u0153ur du quotidien d&rsquo;un joueur professionnel de l&rsquo;ASM Rugby. Entrainements rugby, s\u00e9ances sp\u00e9cifiques en fonction des postes, pr\u00e9paration physique et mentale&#8230; Une v\u00e9ritable semaine dans la peau d&rsquo;un joueur professionnel du club Jaune &amp; Bleu !<\/p>\n<p>Du 27 au 31 juillet ou du 3 au 7 ao\u00fbt 2026, les stages sont r\u00e9serv\u00e9s aux licenci\u00e9s FFR et sont disponibles avec ou sans h\u00e9bergement pour accueillir votre enfant dans les meilleures conditions. Les repas sont pris sur le lieu du stage, l&rsquo;h\u00e9bergement a lieu dans un \u00e9tablissement scolaire partenaire du club.<\/p>\n<ul>\n<li>Encadrement par le staff du Centre de Formation<\/li>\n<li>Dotation officielle du stage<\/li>\n<li>Parrainage par Aur\u00e9lien Rougerie<\/li>\n<li>Visite immersive du stade et contact avec l&rsquo;\u00e9quipe professionnelle<\/li>\n<li>Complexe sportif des Gravanches<\/li>\n<li>Mixte n\u00e9s de 2015 \u00e0 2012<\/li>\n<li>Gar\u00e7ons n\u00e9s en 2010 et 2011<\/li>\n<li>A partir de 450\u20ac sans h\u00e9bergement, 630\u20ac avec h\u00e9bergement sur la semaine (possibilit\u00e9 d&rsquo;accueil d\u00e8s le dimanche soir)<\/li>\n<\/ul>\n<p><a class=\"btn btn-blue btn-sm\" href=\"https:\/\/asm.monclub.app\/app\/69a6f0229768747d75b82696\" target=\"_blank\" rel=\"noopener\">Inscriptions<\/a><\/p>\n","protected":false},"excerpt":{"rendered":"<p>Les stages officiels de l&rsquo;ASM Rugby sont de retour, parrain\u00e9s par Aur\u00e9lien Rougerie ! Au programme, une immersion totale dans l&rsquo;ADN du club le temps d&rsquo;une semaine. Les stages \u00ab\u00a0ASM Summer Camp\u00a0\u00bb se lancent d\u00e8s cet \u00e9t\u00e9 2026, pour plonger au c\u0153ur du quotidien d&rsquo;un joueur professionnel de l&rsquo;ASM Rugby. Entrainements rugby, s\u00e9ances sp\u00e9cifiques en [&hellip;]<\/p>\n","protected":false},"author":14,"featured_media":0,"parent":0,"menu_order":5,"comment_status":"closed","ping_status":"closed","template":"","meta":{"footnotes":""},"acf":[],"yoast_head":"<!-- This site is optimized with the Yoast SEO plugin v21.5 - https:\/\/yoast.com\/wordpress\/plugins\/seo\/ -->\n<title>Stages ASM Rugby Summer Camp - ASM Rugby<\/title>\n<meta name=\"description\" content=\"Stages ASM Rugby, ASM Rugby Summer Camp\" \/>\n<meta name=\"robots\" content=\"index, follow, max-snippet:-1, max-image-preview:large, max-video-preview:-1\" \/>\n<link rel=\"canonical\" href=\"https:\/\/www.asm-omnisports.com\/rugby\/stages-asm-rugby-summer-camp\/\" \/>\n<meta property=\"og:locale\" content=\"fr_FR\" \/>\n<meta property=\"og:type\" content=\"article\" \/>\n<meta property=\"og:title\" content=\"Stages ASM Rugby Summer Camp - ASM Rugby\" \/>\n<meta property=\"og:description\" content=\"Stages ASM Rugby, ASM Rugby Summer Camp\" \/>\n<meta property=\"og:url\" content=\"https:\/\/www.asm-omnisports.com\/rugby\/stages-asm-rugby-summer-camp\/\" \/>\n<meta property=\"og:site_name\" content=\"ASM Rugby\" \/>\n<meta property=\"article:modified_time\" content=\"2026-03-06T09:58:52+00:00\" \/>\n<meta name=\"twitter:card\" content=\"summary_large_image\" \/>\n<meta name=\"twitter:label1\" content=\"Dur\u00e9e de lecture estim\u00e9e\" \/>\n\t<meta name=\"twitter:data1\" content=\"1 minute\" \/>\n<script type=\"application\/ld+json\" class=\"yoast-schema-graph\">{\"@context\":\"https:\/\/schema.org\",\"@graph\":[{\"@type\":\"WebPage\",\"@id\":\"https:\/\/www.asm-omnisports.com\/rugby\/stages-asm-rugby-summer-camp\/\",\"url\":\"https:\/\/www.asm-omnisports.com\/rugby\/stages-asm-rugby-summer-camp\/\",\"name\":\"Stages ASM Rugby Summer Camp - ASM Rugby\",\"isPartOf\":{\"@id\":\"https:\/\/www.asm-omnisports.com\/rugby\/#website\"},\"datePublished\":\"2026-03-06T09:43:31+00:00\",\"dateModified\":\"2026-03-06T09:58:52+00:00\",\"description\":\"Stages ASM Rugby, ASM Rugby Summer Camp\",\"breadcrumb\":{\"@id\":\"https:\/\/www.asm-omnisports.com\/rugby\/stages-asm-rugby-summer-camp\/#breadcrumb\"},\"inLanguage\":\"fr-FR\",\"potentialAction\":[{\"@type\":\"ReadAction\",\"target\":[\"https:\/\/www.asm-omnisports.com\/rugby\/stages-asm-rugby-summer-camp\/\"]}]},{\"@type\":\"BreadcrumbList\",\"@id\":\"https:\/\/www.asm-omnisports.com\/rugby\/stages-asm-rugby-summer-camp\/#breadcrumb\",\"itemListElement\":[{\"@type\":\"ListItem\",\"position\":1,\"name\":\"Accueil\",\"item\":\"https:\/\/www.asm-omnisports.com\/rugby\/\"},{\"@type\":\"ListItem\",\"position\":2,\"name\":\"Stages ASM Rugby Summer Camp\"}]},{\"@type\":\"WebSite\",\"@id\":\"https:\/\/www.asm-omnisports.com\/rugby\/#website\",\"url\":\"https:\/\/www.asm-omnisports.com\/rugby\/\",\"name\":\"ASM Rugby\",\"description\":\"Un site utilisant ASM Omnisports\",\"potentialAction\":[{\"@type\":\"SearchAction\",\"target\":{\"@type\":\"EntryPoint\",\"urlTemplate\":\"https:\/\/www.asm-omnisports.com\/rugby\/?s={search_term_string}\"},\"query-input\":\"required name=search_term_string\"}],\"inLanguage\":\"fr-FR\"}]}<\/script>\n<!-- \/ Yoast SEO plugin. -->","yoast_head_json":{"title":"Stages ASM Rugby Summer Camp - ASM Rugby","description":"Stages ASM Rugby, ASM Rugby Summer Camp","robots":{"index":"index","follow":"follow","max-snippet":"max-snippet:-1","max-image-preview":"max-image-preview:large","max-video-preview":"max-video-preview:-1"},"canonical":"https:\/\/www.asm-omnisports.com\/rugby\/stages-asm-rugby-summer-camp\/","og_locale":"fr_FR","og_type":"article","og_title":"Stages ASM Rugby Summer Camp - ASM Rugby","og_description":"Stages ASM Rugby, ASM Rugby Summer Camp","og_url":"https:\/\/www.asm-omnisports.com\/rugby\/stages-asm-rugby-summer-camp\/","og_site_name":"ASM Rugby","article_modified_time":"2026-03-06T09:58:52+00:00","twitter_card":"summary_large_image","twitter_misc":{"Dur\u00e9e de lecture estim\u00e9e":"1 minute"},"schema":{"@context":"https:\/\/schema.org","@graph":[{"@type":"WebPage","@id":"https:\/\/www.asm-omnisports.com\/rugby\/stages-asm-rugby-summer-camp\/","url":"https:\/\/www.asm-omnisports.com\/rugby\/stages-asm-rugby-summer-camp\/","name":"Stages ASM Rugby Summer Camp - ASM Rugby","isPartOf":{"@id":"https:\/\/www.asm-omnisports.com\/rugby\/#website"},"datePublished":"2026-03-06T09:43:31+00:00","dateModified":"2026-03-06T09:58:52+00:00","description":"Stages ASM Rugby, ASM Rugby Summer Camp","breadcrumb":{"@id":"https:\/\/www.asm-omnisports.com\/rugby\/stages-asm-rugby-summer-camp\/#breadcrumb"},"inLanguage":"fr-FR","potentialAction":[{"@type":"ReadAction","target":["https:\/\/www.asm-omnisports.com\/rugby\/stages-asm-rugby-summer-camp\/"]}]},{"@type":"BreadcrumbList","@id":"https:\/\/www.asm-omnisports.com\/rugby\/stages-asm-rugby-summer-camp\/#breadcrumb","itemListElement":[{"@type":"ListItem","position":1,"name":"Accueil","item":"https:\/\/www.asm-omnisports.com\/rugby\/"},{"@type":"ListItem","position":2,"name":"Stages ASM Rugby Summer Camp"}]},{"@type":"WebSite","@id":"https:\/\/www.asm-omnisports.com\/rugby\/#website","url":"https:\/\/www.asm-omnisports.com\/rugby\/","name":"ASM Rugby","description":"Un site utilisant ASM Omnisports","potentialAction":[{"@type":"SearchAction","target":{"@type":"EntryPoint","urlTemplate":"https:\/\/www.asm-omnisports.com\/rugby\/?s={search_term_string}"},"query-input":"required name=search_term_string"}],"inLanguage":"fr-FR"}]}},"_links":{"self":[{"href":"https:\/\/www.asm-omnisports.com\/rugby\/wp-json\/wp\/v2\/pages\/6819"}],"collection":[{"href":"https:\/\/www.asm-omnisports.com\/rugby\/wp-json\/wp\/v2\/pages"}],"about":[{"href":"https:\/\/www.asm-omnisports.com\/rugby\/wp-json\/wp\/v2\/types\/page"}],"author":[{"embeddable":true,"href":"https:\/\/www.asm-omnisports.com\/rugby\/wp-json\/wp\/v2\/users\/14"}],"replies":[{"embeddable":true,"href":"https:\/\/www.asm-omnisports.com\/rugby\/wp-json\/wp\/v2\/comments?post=6819"}],"version-history":[{"count":5,"href":"https:\/\/www.asm-omnisports.com\/rugby\/wp-json\/wp\/v2\/pages\/6819\/revisions"}],"predecessor-version":[{"id":6824,"href":"https:\/\/www.asm-omnisports.com\/rugby\/wp-json\/wp\/v2\/pages\/6819\/revisions\/6824"}],"wp:attachment":[{"href":"https:\/\/www.asm-omnisports.com\/rugby\/wp-json\/wp\/v2\/media?parent=6819"}],"curies":[{"name":"wp","href":"https:\/\/api.w.org\/{rel}","templated":true}]}}